{"id":49,"date":"2025-09-01T18:17:29","date_gmt":"2025-09-01T16:17:29","guid":{"rendered":"https:\/\/nobleanchor.fr\/?page_id=49"},"modified":"2025-12-14T17:50:50","modified_gmt":"2025-12-14T16:50:50","slug":"bateaux","status":"publish","type":"page","link":"https:\/\/nobleanchor.fr\/index.php\/bateaux\/","title":{"rendered":"Bateaux"},"content":{"rendered":"\n<div class=\"wp-block-cover alignfull has-text-color\" style=\"color:#00373e;min-height:840px;aspect-ratio:unset;\"><img loading=\"lazy\" decoding=\"async\" width=\"2560\" height=\"1708\" class=\"wp-block-cover__image-background wp-image-190 size-full\" alt=\"\" src=\"https:\/\/nobleanchor.fr\/wp-content\/uploads\/2025\/10\/pexels-photo-843633-843633-scaled.jpg\" style=\"object-position:44% 100%\" data-object-fit=\"cover\" data-object-position=\"44% 100%\" srcset=\"https:\/\/nobleanchor.fr\/wp-content\/uploads\/2025\/10\/pexels-photo-843633-843633-scaled.jpg 2560w, https:\/\/nobleanchor.fr\/wp-content\/uploads\/2025\/10\/pexels-photo-843633-843633-300x200.jpg 300w, https:\/\/nobleanchor.fr\/wp-content\/uploads\/2025\/10\/pexels-photo-843633-843633-1024x683.jpg 1024w, https:\/\/nobleanchor.fr\/wp-content\/uploads\/2025\/10\/pexels-photo-843633-843633-768x513.jpg 768w\" sizes=\"auto, (max-width: 2560px) 100vw, 2560px\" \/><span aria-hidden=\"true\" class=\"wp-block-cover__background has-black-background-color has-background-dim-30 has-background-dim\"><\/span><div class=\"wp-block-cover__inner-container has-global-padding is-layout-constrained wp-container-core-cover-is-layout-abb6fe41 wp-block-cover-is-layout-constrained\">\n<p class=\"has-text-align-center has-large-font-size\"><\/p>\n<\/div><\/div>\n\n\n\n<div class=\"wp-block-cover alignfull is-light has-text-color\" style=\"color:#eb6200;margin-top:0;margin-bottom:0;padding-top:120px;padding-bottom:80px;min-height:704px;aspect-ratio:unset;\"><span aria-hidden=\"true\" class=\"wp-block-cover__background has-white-background-color has-background-dim-100 has-background-dim\"><\/span><div class=\"wp-block-cover__inner-container has-global-padding is-layout-constrained wp-container-core-cover-is-layout-5a15424c wp-block-cover-is-layout-constrained\">\n<div class=\"wp-block-columns is-layout-flex wp-container-core-columns-is-layout-c2d6fa21 wp-block-columns-is-layout-flex\">\n<div class=\"wp-block-column is-layout-flow wp-block-column-is-layout-flow\">\n<div class=\"wp-block-group is-nowrap is-layout-flex wp-container-core-group-is-layout-6c531013 wp-block-group-is-layout-flex\">\n<figure class=\"wp-block-image size-full is-resized has-custom-border\"><img loading=\"lazy\" decoding=\"async\" width=\"738\" height=\"1597\" src=\"https:\/\/nobleanchor.fr\/wp-content\/uploads\/2025\/09\/1000004497.png\" alt=\"\" class=\"has-border-color wp-image-109\" style=\"border-color:#fbd3b6;border-width:3px;border-radius:50px;aspect-ratio:2\/3;object-fit:cover;width:334px\" srcset=\"https:\/\/nobleanchor.fr\/wp-content\/uploads\/2025\/09\/1000004497.png 738w, https:\/\/nobleanchor.fr\/wp-content\/uploads\/2025\/09\/1000004497-139x300.png 139w, https:\/\/nobleanchor.fr\/wp-content\/uploads\/2025\/09\/1000004497-473x1024.png 473w, https:\/\/nobleanchor.fr\/wp-content\/uploads\/2025\/09\/1000004497-710x1536.png 710w\" sizes=\"auto, (max-width: 738px) 100vw, 738px\" \/><\/figure>\n\n\n\n<div class=\"wp-block-group is-vertical is-layout-flex wp-container-core-group-is-layout-fe9cc265 wp-block-group-is-layout-flex\">\n<figure class=\"wp-block-image size-full is-resized has-custom-border\"><img loading=\"lazy\" decoding=\"async\" width=\"799\" height=\"613\" src=\"https:\/\/nobleanchor.fr\/wp-content\/uploads\/2025\/09\/1000004500.png\" alt=\"\" class=\"has-border-color wp-image-107\" style=\"border-color:#fbd3b6;border-width:3px;border-radius:50px;aspect-ratio:3\/2;object-fit:cover;width:360px\" srcset=\"https:\/\/nobleanchor.fr\/wp-content\/uploads\/2025\/09\/1000004500.png 799w, https:\/\/nobleanchor.fr\/wp-content\/uploads\/2025\/09\/1000004500-300x230.png 300w, https:\/\/nobleanchor.fr\/wp-content\/uploads\/2025\/09\/1000004500-768x589.png 768w\" sizes=\"auto, (max-width: 799px) 100vw, 799px\" \/><\/figure>\n\n\n\n<figure class=\"wp-block-image size-full is-resized has-custom-border\"><img loading=\"lazy\" decoding=\"async\" width=\"1600\" height=\"900\" src=\"https:\/\/nobleanchor.fr\/wp-content\/uploads\/2025\/09\/1000004489.png\" alt=\"\" class=\"has-border-color wp-image-108\" style=\"border-color:#fbd3b6;border-width:3px;border-radius:50px;aspect-ratio:3\/2;object-fit:cover;width:360px\" srcset=\"https:\/\/nobleanchor.fr\/wp-content\/uploads\/2025\/09\/1000004489.png 1600w, https:\/\/nobleanchor.fr\/wp-content\/uploads\/2025\/09\/1000004489-300x169.png 300w, https:\/\/nobleanchor.fr\/wp-content\/uploads\/2025\/09\/1000004489-1024x576.png 1024w, https:\/\/nobleanchor.fr\/wp-content\/uploads\/2025\/09\/1000004489-768x432.png 768w, https:\/\/nobleanchor.fr\/wp-content\/uploads\/2025\/09\/1000004489-1536x864.png 1536w\" sizes=\"auto, (max-width: 1600px) 100vw, 1600px\" \/><\/figure>\n<\/div>\n<\/div>\n<\/div>\n\n\n\n<div class=\"wp-block-column is-vertically-aligned-top is-layout-flow wp-block-column-is-layout-flow\" style=\"flex-basis:40%\">\n<h1 class=\"wp-block-heading has-text-align-left has-text-color\" style=\"color:#000000;margin-top:12px;font-size:clamp(29.768px, 1.861rem + ((1vw - 3.2px) * 2.526), 52px);font-style:normal;font-weight:1000;line-height:1.3\"><strong>Quicksilver 540 Cruiser+ Mercury 115 CV <\/strong>SOUS GARANTIE 30H + REMORQUE <\/h1>\n\n\n\n<p class=\"has-text-color has-link-color wp-elements-4a1bf52db751390b9b213ea9586a3ace\" style=\"color:#aca126\"><strong><br>Prix : 20 500 \u20ac<\/strong><\/p>\n\n\n\n<div class=\"wp-block-buttons is-layout-flex wp-block-buttons-is-layout-flex\">\n<div class=\"wp-block-button has-custom-width wp-block-button__width-100 is-style-outline is-style-outline--1\"><a class=\"wp-block-button__link has-text-color has-background has-link-color wp-element-button\" href=\"https:\/\/nobleanchor.fr\/index.php\/quicksilver-540-cruiser\/\" style=\"border-style:none;border-width:0px;color:#000000;background-color:#948e40\"><strong>EN SAVOIR PLUS<\/strong><\/a><\/div>\n<\/div>\n<\/div>\n<\/div>\n<\/div><\/div>\n\n\n\n<div class=\"wp-block-cover alignfull is-light has-text-color\" style=\"color:#eb6200;margin-top:0;margin-bottom:0;padding-top:80px;padding-bottom:80px;min-height:664px;aspect-ratio:unset;\"><span aria-hidden=\"true\" class=\"wp-block-cover__background has-white-background-color has-background-dim-100 has-background-dim\"><\/span><div class=\"wp-block-cover__inner-container has-global-padding is-layout-constrained wp-container-core-cover-is-layout-d9e866fb wp-block-cover-is-layout-constrained\">\n<div class=\"wp-block-columns is-layout-flex wp-container-core-columns-is-layout-c2d6fa21 wp-block-columns-is-layout-flex\">\n<div class=\"wp-block-column is-vertically-aligned-center is-layout-flow wp-block-column-is-layout-flow\" style=\"flex-basis:40%\">\n<h2 class=\"wp-block-heading has-text-color\" style=\"color:#000000;font-style:normal;font-weight:1000\">Saver 655 WA Walk Around \u2013 2017<\/h2>\n\n\n\n<p class=\"has-text-color has-link-color has-large-font-size wp-elements-a09de22d6306e375aaa89426cb3167a0\" style=\"color:#000000;font-style:italic;font-weight:700\">Saver 650 WA Walk Around de 2017 en excellent \u00e9tat, id\u00e9al pour les balades c\u00f4ti\u00e8res, la p\u00eache ou les sorties en famille.<\/p>\n\n\n\n<p class=\"has-text-color has-link-color has-medium-font-size wp-elements-fe5339736fd487af1d1bb21cdf38b11f\" style=\"color:#aca126;font-style:normal;font-weight:600\"><strong>Prix : 25 000 \u20ac<\/strong><\/p>\n\n\n\n<div class=\"wp-block-buttons is-layout-flex wp-block-buttons-is-layout-flex\">\n<div class=\"wp-block-button has-custom-width wp-block-button__width-100 is-style-outline is-style-outline--2\"><a class=\"wp-block-button__link has-text-color has-background has-link-color wp-element-button\" href=\"https:\/\/nobleanchor.fr\/index.php\/saver-650-wa-walk-around\/\" style=\"border-style:none;border-width:0px;color:#000000;background-color:#948e40\"><strong>EN SAVOIR PLUS<\/strong><\/a><\/div>\n<\/div>\n<\/div>\n\n\n\n<div class=\"wp-block-column is-layout-flow wp-block-column-is-layout-flow\">\n<div class=\"wp-block-group is-nowrap is-layout-flex wp-container-core-group-is-layout-6c531013 wp-block-group-is-layout-flex\">\n<div class=\"wp-block-group is-vertical is-layout-flex wp-container-core-group-is-layout-fe9cc265 wp-block-group-is-layout-flex\">\n<figure class=\"wp-block-image size-full is-resized has-custom-border\"><img loading=\"lazy\" decoding=\"async\" width=\"2560\" height=\"1920\" src=\"https:\/\/nobleanchor.fr\/wp-content\/uploads\/2025\/10\/IMG_20251015_151503_404-scaled.jpg\" alt=\"\" class=\"has-border-color wp-image-237\" style=\"border-color:#fbd3b6;border-width:3px;border-radius:50px;aspect-ratio:3\/2;object-fit:cover;width:360px\" srcset=\"https:\/\/nobleanchor.fr\/wp-content\/uploads\/2025\/10\/IMG_20251015_151503_404-scaled.jpg 2560w, https:\/\/nobleanchor.fr\/wp-content\/uploads\/2025\/10\/IMG_20251015_151503_404-300x225.jpg 300w, https:\/\/nobleanchor.fr\/wp-content\/uploads\/2025\/10\/IMG_20251015_151503_404-1024x768.jpg 1024w, https:\/\/nobleanchor.fr\/wp-content\/uploads\/2025\/10\/IMG_20251015_151503_404-768x576.jpg 768w, https:\/\/nobleanchor.fr\/wp-content\/uploads\/2025\/10\/IMG_20251015_151503_404-1536x1152.jpg 1536w, https:\/\/nobleanchor.fr\/wp-content\/uploads\/2025\/10\/IMG_20251015_151503_404-2048x1536.jpg 2048w\" sizes=\"auto, (max-width: 2560px) 100vw, 2560px\" \/><\/figure>\n\n\n\n<figure class=\"wp-block-image size-full is-resized has-custom-border\"><img loading=\"lazy\" decoding=\"async\" width=\"2560\" height=\"1920\" src=\"https:\/\/nobleanchor.fr\/wp-content\/uploads\/2025\/10\/IMG_20251015_150849_922-1-scaled.jpg\" alt=\"\" class=\"has-border-color wp-image-239\" style=\"border-color:#fbd3b6;border-width:3px;border-radius:50px;aspect-ratio:3\/2;object-fit:cover;width:360px\" srcset=\"https:\/\/nobleanchor.fr\/wp-content\/uploads\/2025\/10\/IMG_20251015_150849_922-1-scaled.jpg 2560w, https:\/\/nobleanchor.fr\/wp-content\/uploads\/2025\/10\/IMG_20251015_150849_922-1-300x225.jpg 300w, https:\/\/nobleanchor.fr\/wp-content\/uploads\/2025\/10\/IMG_20251015_150849_922-1-1024x768.jpg 1024w, https:\/\/nobleanchor.fr\/wp-content\/uploads\/2025\/10\/IMG_20251015_150849_922-1-768x576.jpg 768w, https:\/\/nobleanchor.fr\/wp-content\/uploads\/2025\/10\/IMG_20251015_150849_922-1-1536x1152.jpg 1536w, https:\/\/nobleanchor.fr\/wp-content\/uploads\/2025\/10\/IMG_20251015_150849_922-1-2048x1536.jpg 2048w\" sizes=\"auto, (max-width: 2560px) 100vw, 2560px\" \/><\/figure>\n<\/div>\n\n\n\n<figure class=\"wp-block-image size-full is-resized has-custom-border\"><img loading=\"lazy\" decoding=\"async\" width=\"2560\" height=\"1920\" src=\"https:\/\/nobleanchor.fr\/wp-content\/uploads\/2025\/10\/IMG_20251015_150738_784-scaled.jpg\" alt=\"\" class=\"has-border-color wp-image-241\" style=\"border-color:#fbd3b6;border-width:3px;border-radius:50px;aspect-ratio:2\/3;object-fit:cover;width:334px\" srcset=\"https:\/\/nobleanchor.fr\/wp-content\/uploads\/2025\/10\/IMG_20251015_150738_784-scaled.jpg 2560w, https:\/\/nobleanchor.fr\/wp-content\/uploads\/2025\/10\/IMG_20251015_150738_784-300x225.jpg 300w, https:\/\/nobleanchor.fr\/wp-content\/uploads\/2025\/10\/IMG_20251015_150738_784-1024x768.jpg 1024w, https:\/\/nobleanchor.fr\/wp-content\/uploads\/2025\/10\/IMG_20251015_150738_784-768x576.jpg 768w, https:\/\/nobleanchor.fr\/wp-content\/uploads\/2025\/10\/IMG_20251015_150738_784-1536x1152.jpg 1536w, https:\/\/nobleanchor.fr\/wp-content\/uploads\/2025\/10\/IMG_20251015_150738_784-2048x1536.jpg 2048w\" sizes=\"auto, (max-width: 2560px) 100vw, 2560px\" \/><\/figure>\n<\/div>\n<\/div>\n<\/div>\n<\/div><\/div>\n\n\n\n<div class=\"wp-block-cover alignfull is-light has-text-color\" style=\"color:#00373e;margin-top:0;margin-bottom:0;padding-top:80px;padding-bottom:120px;min-height:727px;aspect-ratio:unset;\"><span aria-hidden=\"true\" class=\"wp-block-cover__background has-white-background-color has-background-dim-100 has-background-dim\"><\/span><div class=\"wp-block-cover__inner-container has-global-padding is-layout-constrained wp-container-core-cover-is-layout-22439398 wp-block-cover-is-layout-constrained\">\n<div class=\"wp-block-columns is-layout-flex wp-container-core-columns-is-layout-c2d6fa21 wp-block-columns-is-layout-flex\">\n<div class=\"wp-block-column is-layout-flow wp-block-column-is-layout-flow\">\n<div class=\"wp-block-group is-nowrap is-layout-flex wp-container-core-group-is-layout-6c531013 wp-block-group-is-layout-flex\">\n<figure class=\"wp-block-image size-full is-resized has-custom-border\"><img loading=\"lazy\" decoding=\"async\" width=\"1224\" height=\"1509\" src=\"https:\/\/nobleanchor.fr\/wp-content\/uploads\/2025\/10\/1000004878.jpg\" alt=\"\" class=\"has-border-color wp-image-262\" style=\"border-color:#fbd3b6;border-width:3px;border-radius:50px;aspect-ratio:2\/3;object-fit:cover;width:334px\" srcset=\"https:\/\/nobleanchor.fr\/wp-content\/uploads\/2025\/10\/1000004878.jpg 1224w, https:\/\/nobleanchor.fr\/wp-content\/uploads\/2025\/10\/1000004878-243x300.jpg 243w, https:\/\/nobleanchor.fr\/wp-content\/uploads\/2025\/10\/1000004878-831x1024.jpg 831w, https:\/\/nobleanchor.fr\/wp-content\/uploads\/2025\/10\/1000004878-768x947.jpg 768w\" sizes=\"auto, (max-width: 1224px) 100vw, 1224px\" \/><\/figure>\n\n\n\n<div class=\"wp-block-group is-vertical is-layout-flex wp-container-core-group-is-layout-fe9cc265 wp-block-group-is-layout-flex\">\n<figure class=\"wp-block-image size-full is-resized has-custom-border\"><img loading=\"lazy\" decoding=\"async\" width=\"2048\" height=\"1536\" src=\"https:\/\/nobleanchor.fr\/wp-content\/uploads\/2025\/10\/1000004891.jpg\" alt=\"\" class=\"has-border-color wp-image-263\" style=\"border-color:#fbd3b6;border-width:3px;border-radius:50px;aspect-ratio:3\/2;object-fit:cover;width:360px\" srcset=\"https:\/\/nobleanchor.fr\/wp-content\/uploads\/2025\/10\/1000004891.jpg 2048w, https:\/\/nobleanchor.fr\/wp-content\/uploads\/2025\/10\/1000004891-300x225.jpg 300w, https:\/\/nobleanchor.fr\/wp-content\/uploads\/2025\/10\/1000004891-1024x768.jpg 1024w, https:\/\/nobleanchor.fr\/wp-content\/uploads\/2025\/10\/1000004891-768x576.jpg 768w, https:\/\/nobleanchor.fr\/wp-content\/uploads\/2025\/10\/1000004891-1536x1152.jpg 1536w\" sizes=\"auto, (max-width: 2048px) 100vw, 2048px\" \/><\/figure>\n\n\n\n<figure class=\"wp-block-image size-full is-resized has-custom-border\"><img loading=\"lazy\" decoding=\"async\" width=\"1600\" height=\"1200\" src=\"https:\/\/nobleanchor.fr\/wp-content\/uploads\/2025\/10\/1000004858.jpg\" alt=\"\" class=\"has-border-color wp-image-264\" style=\"border-color:#fbd3b6;border-width:3px;border-radius:50px;aspect-ratio:3\/2;object-fit:cover;width:360px\" srcset=\"https:\/\/nobleanchor.fr\/wp-content\/uploads\/2025\/10\/1000004858.jpg 1600w, https:\/\/nobleanchor.fr\/wp-content\/uploads\/2025\/10\/1000004858-300x225.jpg 300w, https:\/\/nobleanchor.fr\/wp-content\/uploads\/2025\/10\/1000004858-1024x768.jpg 1024w, https:\/\/nobleanchor.fr\/wp-content\/uploads\/2025\/10\/1000004858-768x576.jpg 768w, https:\/\/nobleanchor.fr\/wp-content\/uploads\/2025\/10\/1000004858-1536x1152.jpg 1536w\" sizes=\"auto, (max-width: 1600px) 100vw, 1600px\" \/><\/figure>\n<\/div>\n<\/div>\n<\/div>\n\n\n\n<div class=\"wp-block-column is-vertically-aligned-center is-layout-flow wp-block-column-is-layout-flow\" style=\"flex-basis:40%\">\n<h2 class=\"wp-block-heading has-text-color\" style=\"color:#000000;font-size:clamp(31.152px, 1.947rem + ((1vw - 3.2px) * 2.71), 55px);font-style:normal;font-weight:1000\">Saxdor 320 GTO \u2013 2023<\/h2>\n\n\n\n<p class=\"has-text-color has-large-font-size\" style=\"color:#000000;font-style:normal;font-weight:700\">Saxdor 320 GTO de 2023, id\u00e9al pour les sorties en mer, les week-ends de croisi\u00e8re ou la plaisance haut de gamme.<\/p>\n\n\n\n<p class=\"has-text-color has-link-color has-medium-font-size wp-elements-79dc2386e78bf4c3f6fc6fe6bd9baf83\" style=\"color:#aca126;font-style:normal;font-weight:600\">Prix : 189 000 \u20ac<\/p>\n\n\n\n<div class=\"wp-block-buttons is-layout-flex wp-block-buttons-is-layout-flex\">\n<div class=\"wp-block-button has-custom-width wp-block-button__width-100 is-style-outline is-style-outline--3\"><a class=\"wp-block-button__link has-text-color has-background has-link-color wp-element-button\" href=\"https:\/\/nobleanchor.fr\/index.php\/saxdor-320-gto-2023\/\" style=\"border-style:none;border-width:0px;color:#000000;background-color:#948e40\"><strong>EN SAVOIR PLUS<\/strong><\/a><\/div>\n<\/div>\n<\/div>\n<\/div>\n<\/div><\/div>\n\n\n\n<div class=\"wp-block-columns alignwide is-layout-flex wp-container-core-columns-is-layout-c2d6fa21 wp-block-columns-is-layout-flex\">\n<div class=\"wp-block-column is-vertically-aligned-center is-layout-flow wp-block-column-is-layout-flow\" style=\"flex-basis:40%\">\n<h2 class=\"wp-block-heading has-text-color\" style=\"color:#000000;font-style:normal;font-weight:1000\">Bass Boat- Tr\u00e8s \u00e9quip\u00e9 \u2013 Remorque neuve<\/h2>\n\n\n\n<p class=\"has-text-color has-link-color has-large-font-size wp-elements-da3579115929325188c5e1296df151cf\" style=\"color:#000000;font-style:italic;font-weight:700\">Bass boat de 4,40 m en bon \u00e9tat, id\u00e9al pour la <strong>p\u00eache et les sorties loisirs<\/strong>, facile \u00e0 tracter et \u00e0 mettre \u00e0 l\u2019eau.<\/p>\n\n\n\n<p class=\"has-text-color has-link-color has-medium-font-size wp-elements-d10a6139c2342a77338f17a5bad91b13\" style=\"color:#aca126;font-style:normal;font-weight:600\"><strong>Prix : 9900\u20ac<\/strong><\/p>\n\n\n\n<div class=\"wp-block-buttons is-layout-flex wp-block-buttons-is-layout-flex\">\n<div class=\"wp-block-button has-custom-width wp-block-button__width-100 is-style-outline is-style-outline--4\"><a class=\"wp-block-button__link has-text-color has-background has-link-color wp-element-button\" href=\"https:\/\/nobleanchor.fr\/index.php\/bass-boat\/\" style=\"border-style:none;border-width:0px;color:#000000;background-color:#948e40\"><strong>EN SAVOIR PLUS<\/strong><\/a><\/div>\n<\/div>\n<\/div>\n\n\n\n<div class=\"wp-block-column is-layout-flow wp-block-column-is-layout-flow\">\n<div class=\"wp-block-group is-nowrap is-layout-flex wp-container-core-group-is-layout-6c531013 wp-block-group-is-layout-flex\">\n<div class=\"wp-block-group is-vertical is-layout-flex wp-container-core-group-is-layout-fe9cc265 wp-block-group-is-layout-flex\">\n<figure class=\"wp-block-image size-full is-resized has-custom-border\"><img loading=\"lazy\" decoding=\"async\" width=\"2560\" height=\"1920\" src=\"https:\/\/nobleanchor.fr\/wp-content\/uploads\/2025\/12\/1000005276-scaled.jpg\" alt=\"\" class=\"has-border-color wp-image-314\" style=\"border-color:#fbd3b6;border-width:3px;border-radius:50px;aspect-ratio:3\/2;object-fit:cover;width:360px\" srcset=\"https:\/\/nobleanchor.fr\/wp-content\/uploads\/2025\/12\/1000005276-scaled.jpg 2560w, https:\/\/nobleanchor.fr\/wp-content\/uploads\/2025\/12\/1000005276-300x225.jpg 300w, https:\/\/nobleanchor.fr\/wp-content\/uploads\/2025\/12\/1000005276-1024x768.jpg 1024w, https:\/\/nobleanchor.fr\/wp-content\/uploads\/2025\/12\/1000005276-768x576.jpg 768w, https:\/\/nobleanchor.fr\/wp-content\/uploads\/2025\/12\/1000005276-1536x1152.jpg 1536w, https:\/\/nobleanchor.fr\/wp-content\/uploads\/2025\/12\/1000005276-2048x1536.jpg 2048w\" sizes=\"auto, (max-width: 2560px) 100vw, 2560px\" \/><\/figure>\n\n\n\n<figure class=\"wp-block-image size-full is-resized has-custom-border\"><img loading=\"lazy\" decoding=\"async\" width=\"2560\" height=\"1920\" src=\"https:\/\/nobleanchor.fr\/wp-content\/uploads\/2025\/12\/1000005282-scaled.jpg\" alt=\"\" class=\"has-border-color wp-image-313\" style=\"border-color:#fbd3b6;border-width:3px;border-radius:50px;aspect-ratio:3\/2;object-fit:cover;width:360px\" srcset=\"https:\/\/nobleanchor.fr\/wp-content\/uploads\/2025\/12\/1000005282-scaled.jpg 2560w, https:\/\/nobleanchor.fr\/wp-content\/uploads\/2025\/12\/1000005282-300x225.jpg 300w, https:\/\/nobleanchor.fr\/wp-content\/uploads\/2025\/12\/1000005282-1024x768.jpg 1024w, https:\/\/nobleanchor.fr\/wp-content\/uploads\/2025\/12\/1000005282-768x576.jpg 768w, https:\/\/nobleanchor.fr\/wp-content\/uploads\/2025\/12\/1000005282-1536x1152.jpg 1536w, https:\/\/nobleanchor.fr\/wp-content\/uploads\/2025\/12\/1000005282-2048x1536.jpg 2048w\" sizes=\"auto, (max-width: 2560px) 100vw, 2560px\" \/><\/figure>\n<\/div>\n\n\n\n<figure class=\"wp-block-image size-full is-resized has-custom-border\"><img loading=\"lazy\" decoding=\"async\" width=\"600\" height=\"800\" src=\"https:\/\/nobleanchor.fr\/wp-content\/uploads\/2025\/12\/image-bass-boat-lebon-coin.webp\" alt=\"\" class=\"has-border-color wp-image-312\" style=\"border-color:#fbd3b6;border-width:3px;border-radius:50px;aspect-ratio:2\/3;object-fit:cover;width:334px\" srcset=\"https:\/\/nobleanchor.fr\/wp-content\/uploads\/2025\/12\/image-bass-boat-lebon-coin.webp 600w, https:\/\/nobleanchor.fr\/wp-content\/uploads\/2025\/12\/image-bass-boat-lebon-coin-225x300.webp 225w\" sizes=\"auto, (max-width: 600px) 100vw, 600px\" \/><\/figure>\n<\/div>\n<\/div>\n<\/div>\n\n\n\n<p><\/p>\n","protected":false},"excerpt":{"rendered":"<p>Bass Boat- Tr\u00e8s \u00e9quip\u00e9 \u2013 Remorque neuve Bass boat de 4,40 m en bon \u00e9tat, id\u00e9al pour la p\u00eache et les sorties loisirs, facile \u00e0 tracter et \u00e0 mettre \u00e0 l\u2019eau. Prix : 9900\u20ac<\/p>\n","protected":false},"author":1,"featured_media":0,"parent":0,"menu_order":0,"comment_status":"closed","ping_status":"closed","template":"","meta":{"footnotes":""},"class_list":["post-49","page","type-page","status-publish","hentry"],"_links":{"self":[{"href":"https:\/\/nobleanchor.fr\/index.php\/wp-json\/wp\/v2\/pages\/49","targetHints":{"allow":["GET"]}}],"collection":[{"href":"https:\/\/nobleanchor.fr\/index.php\/wp-json\/wp\/v2\/pages"}],"about":[{"href":"https:\/\/nobleanchor.fr\/index.php\/wp-json\/wp\/v2\/types\/page"}],"author":[{"embeddable":true,"href":"https:\/\/nobleanchor.fr\/index.php\/wp-json\/wp\/v2\/users\/1"}],"replies":[{"embeddable":true,"href":"https:\/\/nobleanchor.fr\/index.php\/wp-json\/wp\/v2\/comments?post=49"}],"version-history":[{"count":24,"href":"https:\/\/nobleanchor.fr\/index.php\/wp-json\/wp\/v2\/pages\/49\/revisions"}],"predecessor-version":[{"id":326,"href":"https:\/\/nobleanchor.fr\/index.php\/wp-json\/wp\/v2\/pages\/49\/revisions\/326"}],"wp:attachment":[{"href":"https:\/\/nobleanchor.fr\/index.php\/wp-json\/wp\/v2\/media?parent=49"}],"curies":[{"name":"wp","href":"https:\/\/api.w.org\/{rel}","templated":true}]}}