{"id":38,"date":"2025-09-01T18:13:43","date_gmt":"2025-09-01T16:13:43","guid":{"rendered":"https:\/\/nobleanchor.fr\/?page_id=38"},"modified":"2025-11-14T19:17:21","modified_gmt":"2025-11-14T18:17:21","slug":"accueil","status":"publish","type":"page","link":"https:\/\/nobleanchor.fr\/","title":{"rendered":"Accueil"},"content":{"rendered":"\n<div class=\"wp-block-cover alignfull has-parallax has-base-color has-text-color wp-duotone-unset-1\" style=\"padding-top:0px;min-height:90vh;aspect-ratio:unset;\"><div class=\"wp-block-cover__image-background wp-image-57 size-large has-parallax\" style=\"background-position:50% 50%;background-image:url(https:\/\/nobleanchor.fr\/wp-content\/uploads\/2025\/09\/motor-yacht-634925_1920-1024x577.jpg)\"><\/div><span aria-hidden=\"true\" class=\"wp-block-cover__background has-background-dim-20 has-background-dim wp-block-cover__gradient-background has-background-gradient\" style=\"background:linear-gradient(135deg,rgb(250,250,250) 0%,rgb(0,0,0) 100%)\"><\/span><div class=\"wp-block-cover__inner-container has-global-padding is-layout-constrained wp-container-core-cover-is-layout-0ff4aabc wp-block-cover-is-layout-constrained\">\n<h2 class=\"wp-block-heading has-text-align-center has-text-color has-background\" style=\"border-radius:100px;color:#ffffff;background:linear-gradient(115deg,rgb(0,0,0) 0%,rgb(137,109,6) 98%);margin-top:0;margin-right:0;margin-bottom:0;margin-left:0;font-size:clamp(33.419px, 2.089rem + ((1vw - 3.2px) * 3.021), 60px);font-style:normal;font-weight:1000;line-height:1.2;text-transform:uppercase\"><strong>courtier maritime<\/strong> <\/h2>\n\n\n\n<p class=\"has-text-align-center has-text-color has-background\" style=\"border-radius:100px;color:#ffffff;background:linear-gradient(135deg,rgb(0,0,0) 0%,rgb(137,109,6) 100%);padding-top:var(--wp--preset--spacing--20);padding-right:0;padding-bottom:var(--wp--preset--spacing--20);padding-left:0;font-size:clamp(14px, 0.875rem + ((1vw - 3.2px) * 0.682), 20px);line-height:1.6\"><strong>\u00c0 chaque bateau son capitaine, \u00e0 chaque capitaine son courtier<\/strong><\/p>\n<\/div><\/div>\n\n\n\n<div class=\"wp-block-buttons is-layout-flex wp-block-buttons-is-layout-flex\">\n<div class=\"wp-block-button has-custom-width wp-block-button__width-25\"><a class=\"wp-block-button__link has-background wp-element-button\" style=\"background-color:#836b25\">Cherchez<\/a><\/div>\n\n\n\n<div class=\"wp-block-button has-custom-width wp-block-button__width-25\"><a class=\"wp-block-button__link has-background wp-element-button\" style=\"background-color:#836b25\">Trouvez<\/a><\/div>\n\n\n\n<div class=\"wp-block-button has-custom-width wp-block-button__width-25\"><a class=\"wp-block-button__link has-background wp-element-button\" style=\"background-color:#836b25\">Contactez<\/a><\/div>\n\n\n\n<div class=\"wp-block-button has-custom-width wp-block-button__width-25\"><a class=\"wp-block-button__link has-background wp-element-button\" style=\"background-color:#836b25\">Obtenez<\/a><\/div>\n<\/div>\n\n\n\n<div class=\"wp-block-cover alignfull is-light\" style=\"margin-top:0px;margin-bottom:0px;padding-top:100px;padding-bottom:100px\"><span aria-hidden=\"true\" class=\"wp-block-cover__background has-base-background-color has-background-dim-0 has-background-dim\"><\/span><div class=\"wp-block-cover__inner-container has-global-padding is-layout-constrained wp-container-core-cover-is-layout-4a608aa3 wp-block-cover-is-layout-constrained\">\n<p class=\"has-text-align-center has-text-color\" style=\"color:#737373;margin-top:0px;margin-bottom:0px;font-size:clamp(14px, 0.875rem + ((1vw - 3.2px) * 0.455), 18px);line-height:1.5\"><br>Chez <strong>Noble Anchor<\/strong>, nous avons con\u00e7u un parcours simple et rassurant pour accompagner chaque capitaine dans son projet.<br>Vous commencez par <strong>chercher<\/strong> parmi une s\u00e9lection de bateaux rigoureusement choisis, adapt\u00e9s \u00e0 diff\u00e9rents profils de navigateurs. Ensuite, vous <strong>trouvez<\/strong> celui qui correspond r\u00e9ellement \u00e0 vos besoins et \u00e0 votre budget, gr\u00e2ce \u00e0 un accompagnement personnalis\u00e9. Vient alors le moment de <strong>contacter<\/strong> votre courtier d\u00e9di\u00e9, qui organise les visites, v\u00e9rifie les documents, g\u00e8re les n\u00e9gociations et toutes les formalit\u00e9s. Enfin, vous pouvez <strong>acqu\u00e9rir<\/strong> votre bateau en toute confiance avec Noble Anchor.<\/p>\n\n\n\n<div class=\"wp-block-columns is-layout-flex wp-container-core-columns-is-layout-180adb03 wp-block-columns-is-layout-flex\" style=\"margin-top:60px\">\n<div class=\"wp-block-column is-vertically-aligned-center is-layout-flow wp-block-column-is-layout-flow\">\n<h2 class=\"wp-block-heading has-text-align-center has-text-color\" style=\"color:#000000;margin-bottom:0px;font-size:clamp(33.419px, 2.089rem + ((1vw - 3.2px) * 3.021), 60px);font-style:normal;font-weight:400;line-height:1\">Nos Bateaux<\/h2>\n\n\n\n<p class=\"has-text-align-center has-text-color\" style=\"color:#737373;font-size:clamp(14px, 0.875rem + ((1vw - 3.2px) * 0.455), 18px);line-height:1.5\">Chez <strong>Noble Anchor<\/strong>, chaque bateau est s\u00e9lectionn\u00e9 avec soin pour garantir fiabilit\u00e9, confort et plaisir de navigation. <\/p>\n\n\n\n<p class=\"has-text-align-center has-text-color\" style=\"color:#737373;font-size:clamp(14px, 0.875rem + ((1vw - 3.2px) * 0.455), 18px);line-height:1.5\">Que vous cherchiez un mod\u00e8le pour la d\u00e9tente, la p\u00eache ou la croisi\u00e8re, nous proposons uniquement des unit\u00e9s v\u00e9rifi\u00e9es et pr\u00eates \u00e0 prendre la mer.<\/p>\n\n\n\n<div class=\"wp-block-buttons has-background is-content-justification-center is-layout-flex wp-container-core-buttons-is-layout-a89b3969 wp-block-buttons-is-layout-flex\" style=\"background:linear-gradient(135deg,rgb(255,255,255) 0%,rgb(0,0,0) 100%)\">\n<div class=\"wp-block-button is-style-outline is-style-outline--2\"><a class=\"wp-block-button__link has-text-color has-text-align-left has-custom-font-size wp-element-button\" href=\"https:\/\/nobleanchor.fr\/index.php\/bateaux\/\" style=\"border-style:none;border-width:0px;color:#000000;font-size:clamp(14px, 0.875rem + ((1vw - 3.2px) * 0.227), 16px);font-style:normal;font-weight:600;text-transform:uppercase\">voir PLUS \u279e<\/a><\/div>\n<\/div>\n<\/div>\n\n\n\n<div class=\"wp-block-column is-layout-flow wp-container-core-column-is-layout-8a368f38 wp-block-column-is-layout-flow\" style=\"flex-basis:60%\">\n<p class=\"has-text-align-right has-text-color\" style=\"color:#ffce526e;padding-bottom:10px;font-size:clamp(33.419px, 2.089rem + ((1vw - 3.2px) * 3.021), 60px);font-style:normal;font-weight:700;line-height:1\">01<\/p>\n\n\n\n<figure class=\"wp-block-image size-full\"><img loading=\"lazy\" decoding=\"async\" width=\"1707\" height=\"2560\" src=\"https:\/\/nobleanchor.fr\/wp-content\/uploads\/2025\/09\/daniela-muntyan-edco5aAbfew-unsplash-scaled.jpg\" alt=\"\" class=\"wp-image-66\" style=\"aspect-ratio:16\/9;object-fit:cover\" srcset=\"https:\/\/nobleanchor.fr\/wp-content\/uploads\/2025\/09\/daniela-muntyan-edco5aAbfew-unsplash-scaled.jpg 1707w, https:\/\/nobleanchor.fr\/wp-content\/uploads\/2025\/09\/daniela-muntyan-edco5aAbfew-unsplash-200x300.jpg 200w, https:\/\/nobleanchor.fr\/wp-content\/uploads\/2025\/09\/daniela-muntyan-edco5aAbfew-unsplash-683x1024.jpg 683w, https:\/\/nobleanchor.fr\/wp-content\/uploads\/2025\/09\/daniela-muntyan-edco5aAbfew-unsplash-768x1152.jpg 768w, https:\/\/nobleanchor.fr\/wp-content\/uploads\/2025\/09\/daniela-muntyan-edco5aAbfew-unsplash-1024x1536.jpg 1024w, https:\/\/nobleanchor.fr\/wp-content\/uploads\/2025\/09\/daniela-muntyan-edco5aAbfew-unsplash-1365x2048.jpg 1365w\" sizes=\"auto, (max-width: 1707px) 100vw, 1707px\" \/><\/figure>\n<\/div>\n<\/div>\n\n\n\n<div class=\"wp-block-columns is-layout-flex wp-container-core-columns-is-layout-180adb03 wp-block-columns-is-layout-flex\" style=\"margin-top:60px\">\n<div class=\"wp-block-column is-vertically-aligned-center is-layout-flow wp-block-column-is-layout-flow\">\n<h2 class=\"wp-block-heading has-text-align-center has-text-color\" style=\"color:#000000;margin-bottom:0px;font-size:clamp(33.419px, 2.089rem + ((1vw - 3.2px) * 3.021), 60px);font-style:normal;font-weight:400;line-height:1\">Contactez-Nous<\/h2>\n\n\n\n<p class=\"has-text-align-center has-text-color\" style=\"color:#737373;font-size:clamp(14px, 0.875rem + ((1vw - 3.2px) * 0.455), 18px);line-height:1.5\">Nous sommes l\u00e0 pour vous aider ! Contactez-nous pour toute question ou pour discuter de votre projet nautique. Votre aventure commence ici.<\/p>\n\n\n\n<div class=\"wp-block-buttons has-background is-content-justification-center is-layout-flex wp-container-core-buttons-is-layout-a89b3969 wp-block-buttons-is-layout-flex\" style=\"background:linear-gradient(135deg,rgb(255,255,255) 0%,rgb(0,0,0) 100%)\">\n<div class=\"wp-block-button is-style-outline is-style-outline--3\"><a class=\"wp-block-button__link has-text-color has-text-align-left has-custom-font-size wp-element-button\" href=\"https:\/\/nobleanchor.fr\/index.php\/contact\/\" style=\"border-style:none;border-width:0px;color:#000000;font-size:clamp(14px, 0.875rem + ((1vw - 3.2px) * 0.227), 16px);font-style:normal;font-weight:600;text-transform:uppercase\">Voir plus \u279e<\/a><\/div>\n<\/div>\n<\/div>\n\n\n\n<div class=\"wp-block-column is-layout-flow wp-container-core-column-is-layout-8a368f38 wp-block-column-is-layout-flow\" style=\"flex-basis:60%\">\n<p class=\"has-text-align-right has-text-color\" style=\"color:#ffce526e;padding-bottom:10px;font-size:clamp(33.419px, 2.089rem + ((1vw - 3.2px) * 3.021), 60px);font-style:normal;font-weight:700;line-height:1\">02<\/p>\n\n\n\n<figure class=\"wp-block-image size-full\"><img loading=\"lazy\" decoding=\"async\" width=\"2560\" height=\"1700\" src=\"https:\/\/nobleanchor.fr\/wp-content\/uploads\/2025\/09\/viktor-ritsvall-FWJinfDsIn8-unsplash-scaled.jpg\" alt=\"\" class=\"wp-image-65\" style=\"aspect-ratio:16\/9;object-fit:cover\" srcset=\"https:\/\/nobleanchor.fr\/wp-content\/uploads\/2025\/09\/viktor-ritsvall-FWJinfDsIn8-unsplash-scaled.jpg 2560w, https:\/\/nobleanchor.fr\/wp-content\/uploads\/2025\/09\/viktor-ritsvall-FWJinfDsIn8-unsplash-300x199.jpg 300w, https:\/\/nobleanchor.fr\/wp-content\/uploads\/2025\/09\/viktor-ritsvall-FWJinfDsIn8-unsplash-1024x680.jpg 1024w, https:\/\/nobleanchor.fr\/wp-content\/uploads\/2025\/09\/viktor-ritsvall-FWJinfDsIn8-unsplash-768x510.jpg 768w, https:\/\/nobleanchor.fr\/wp-content\/uploads\/2025\/09\/viktor-ritsvall-FWJinfDsIn8-unsplash-1536x1020.jpg 1536w, https:\/\/nobleanchor.fr\/wp-content\/uploads\/2025\/09\/viktor-ritsvall-FWJinfDsIn8-unsplash-2048x1360.jpg 2048w\" sizes=\"auto, (max-width: 2560px) 100vw, 2560px\" \/><\/figure>\n<\/div>\n<\/div>\n<\/div><\/div>\n\n\n\n<div class=\"wp-block-cover alignfull\" style=\"margin-top:0px;margin-bottom:0px;padding-top:150px;padding-bottom:150px;aspect-ratio:unset;\"><img loading=\"lazy\" decoding=\"async\" width=\"1024\" height=\"768\" class=\"wp-block-cover__image-background wp-image-140 size-large\" alt=\"\" src=\"https:\/\/nobleanchor.fr\/wp-content\/uploads\/2025\/09\/yacht-188936_1920-1024x768.jpg\" data-object-fit=\"cover\" srcset=\"https:\/\/nobleanchor.fr\/wp-content\/uploads\/2025\/09\/yacht-188936_1920-1024x768.jpg 1024w, https:\/\/nobleanchor.fr\/wp-content\/uploads\/2025\/09\/yacht-188936_1920-300x225.jpg 300w, https:\/\/nobleanchor.fr\/wp-content\/uploads\/2025\/09\/yacht-188936_1920-768x576.jpg 768w, https:\/\/nobleanchor.fr\/wp-content\/uploads\/2025\/09\/yacht-188936_1920-1536x1152.jpg 1536w, https:\/\/nobleanchor.fr\/wp-content\/uploads\/2025\/09\/yacht-188936_1920.jpg 1920w\" sizes=\"auto, (max-width: 1024px) 100vw, 1024px\" \/><span aria-hidden=\"true\" class=\"wp-block-cover__background has-black-background-color has-background-dim-40 has-background-dim\"><\/span><div class=\"wp-block-cover__inner-container has-global-padding is-layout-constrained wp-container-core-cover-is-layout-fbb1768e wp-block-cover-is-layout-constrained\">\n<h2 class=\"wp-block-heading has-text-align-center has-text-color\" style=\"color:#ffffff;margin-top:0;font-size:clamp(33.419px, 2.089rem + ((1vw - 3.2px) * 3.021), 60px);font-style:normal;font-weight:400;line-height:1\">Contactez-Nous pour Votre Projet Nautique<\/h2>\n\n\n\n<div class=\"wp-block-group has-global-padding is-layout-constrained wp-container-core-group-is-layout-bea02a06 wp-block-group-is-layout-constrained\">\n<p class=\"has-text-align-center has-text-color\" style=\"color:#ffffff;margin-top:32px;font-size:clamp(14px, 0.875rem + ((1vw - 3.2px) * 0.682), 20px);line-height:1.5\">Pr\u00eat \u00e0 r\u00e9aliser votre r\u00eave nautique ? Notre \u00e9quipe est \u00e0 votre \u00e9coute. Contactez-nous d\u00e8s aujourd\u02bchui pour d\u00e9marrer votre aventure sur l\u02bceau !<\/p>\n<\/div>\n\n\n\n<div class=\"wp-block-buttons is-content-justification-center is-layout-flex wp-container-core-buttons-is-layout-b72de6f7 wp-block-buttons-is-layout-flex\" style=\"margin-top:40px;margin-bottom:0px\">\n<div class=\"wp-block-button has-custom-width wp-block-button__width-50 is-style-outline is-style-outline--4\"><a class=\"wp-block-button__link has-text-color has-background has-custom-font-size wp-element-button\" href=\"https:\/\/nobleanchor.fr\/index.php\/contact\/\" style=\"border-style:none;border-width:0px;border-radius:24px;color:#000000;background:linear-gradient(135deg,rgb(254,254,254) 0%,rgb(0,0,0) 100%);padding-top:10px;padding-right:30px;padding-bottom:10px;padding-left:30px;font-size:clamp(14px, 0.875rem + ((1vw - 3.2px) * 0.455), 18px);font-style:normal;font-weight:900\"><strong>NOUS CONTACTER \u279e<\/strong><\/a><\/div>\n<\/div>\n<\/div><\/div>\n\n\n\n<div class=\"wp-block-buttons is-layout-flex wp-block-buttons-is-layout-flex\">\n<div class=\"wp-block-button has-custom-width wp-block-button__width-100\"><a class=\"wp-block-button__link has-background wp-element-button\" href=\"https:\/\/nobleanchor.fr\/index.php\/liens-legaux\/\" style=\"background-color:#000000\">Informations l\u00e9gales<\/a><\/div>\n<\/div>\n\n\n\n<p><\/p>\n","protected":false},"excerpt":{"rendered":"","protected":false},"author":1,"featured_media":0,"parent":0,"menu_order":0,"comment_status":"closed","ping_status":"closed","template":"","meta":{"footnotes":""},"class_list":["post-38","page","type-page","status-publish","hentry"],"_links":{"self":[{"href":"https:\/\/nobleanchor.fr\/index.php\/wp-json\/wp\/v2\/pages\/38","targetHints":{"allow":["GET"]}}],"collection":[{"href":"https:\/\/nobleanchor.fr\/index.php\/wp-json\/wp\/v2\/pages"}],"about":[{"href":"https:\/\/nobleanchor.fr\/index.php\/wp-json\/wp\/v2\/types\/page"}],"author":[{"embeddable":true,"href":"https:\/\/nobleanchor.fr\/index.php\/wp-json\/wp\/v2\/users\/1"}],"replies":[{"embeddable":true,"href":"https:\/\/nobleanchor.fr\/index.php\/wp-json\/wp\/v2\/comments?post=38"}],"version-history":[{"count":30,"href":"https:\/\/nobleanchor.fr\/index.php\/wp-json\/wp\/v2\/pages\/38\/revisions"}],"predecessor-version":[{"id":305,"href":"https:\/\/nobleanchor.fr\/index.php\/wp-json\/wp\/v2\/pages\/38\/revisions\/305"}],"wp:attachment":[{"href":"https:\/\/nobleanchor.fr\/index.php\/wp-json\/wp\/v2\/media?parent=38"}],"curies":[{"name":"wp","href":"https:\/\/api.w.org\/{rel}","templated":true}]}}