{"id":317,"date":"2025-12-14T17:50:07","date_gmt":"2025-12-14T16:50:07","guid":{"rendered":"https:\/\/nobleanchor.fr\/?page_id=317"},"modified":"2025-12-14T17:50:07","modified_gmt":"2025-12-14T16:50:07","slug":"bass-boat","status":"publish","type":"page","link":"https:\/\/nobleanchor.fr\/index.php\/bass-boat\/","title":{"rendered":"Bass boat"},"content":{"rendered":"\n<h2 class=\"wp-block-heading has-text-color has-background has-link-color has-large-font-size wp-elements-0c6fdfbf85c5fc4b3dc70324e7c9a641\" style=\"border-style:none;border-width:0px;border-radius:10px;color:#ffffff;background-color:#000000;padding-top:var(--wp--preset--spacing--30);padding-right:var(--wp--preset--spacing--80);padding-bottom:var(--wp--preset--spacing--30);padding-left:var(--wp--preset--spacing--80)\">Bass Boat \u2013 Yamaha Injection \u2013 Tr\u00e8s \u00e9quip\u00e9 \u2013 Remorque neuve<\/h2>\n\n\n\n<figure class=\"wp-block-gallery has-nested-images columns-1 is-cropped wp-block-gallery-1 is-layout-flex wp-block-gallery-is-layout-flex\">\n<figure class=\"wp-block-image size-full\"><img loading=\"lazy\" decoding=\"async\" width=\"600\" height=\"800\" data-id=\"312\" src=\"https:\/\/nobleanchor.fr\/wp-content\/uploads\/2025\/12\/image-bass-boat-lebon-coin.webp\" alt=\"\" class=\"wp-image-312\" srcset=\"https:\/\/nobleanchor.fr\/wp-content\/uploads\/2025\/12\/image-bass-boat-lebon-coin.webp 600w, https:\/\/nobleanchor.fr\/wp-content\/uploads\/2025\/12\/image-bass-boat-lebon-coin-225x300.webp 225w\" sizes=\"auto, (max-width: 600px) 100vw, 600px\" \/><\/figure>\n\n\n\n<figure class=\"wp-block-image size-full\"><img loading=\"lazy\" decoding=\"async\" width=\"600\" height=\"800\" data-id=\"319\" src=\"https:\/\/nobleanchor.fr\/wp-content\/uploads\/2025\/12\/image-le-bon-coin-2.webp\" alt=\"\" class=\"wp-image-319\" srcset=\"https:\/\/nobleanchor.fr\/wp-content\/uploads\/2025\/12\/image-le-bon-coin-2.webp 600w, https:\/\/nobleanchor.fr\/wp-content\/uploads\/2025\/12\/image-le-bon-coin-2-225x300.webp 225w\" sizes=\"auto, (max-width: 600px) 100vw, 600px\" \/><\/figure>\n\n\n\n<figure class=\"wp-block-image size-full is-style-default\"><img loading=\"lazy\" decoding=\"async\" width=\"1920\" height=\"2560\" data-id=\"320\" src=\"https:\/\/nobleanchor.fr\/wp-content\/uploads\/2025\/12\/1000005284-scaled.jpg\" alt=\"\" class=\"wp-image-320\" srcset=\"https:\/\/nobleanchor.fr\/wp-content\/uploads\/2025\/12\/1000005284-scaled.jpg 1920w, https:\/\/nobleanchor.fr\/wp-content\/uploads\/2025\/12\/1000005284-225x300.jpg 225w, https:\/\/nobleanchor.fr\/wp-content\/uploads\/2025\/12\/1000005284-768x1024.jpg 768w, https:\/\/nobleanchor.fr\/wp-content\/uploads\/2025\/12\/1000005284-1152x1536.jpg 1152w, https:\/\/nobleanchor.fr\/wp-content\/uploads\/2025\/12\/1000005284-1536x2048.jpg 1536w\" sizes=\"auto, (max-width: 1920px) 100vw, 1920px\" \/><\/figure>\n\n\n\n<figure class=\"wp-block-image size-large\"><img loading=\"lazy\" decoding=\"async\" width=\"768\" height=\"1024\" data-id=\"321\" src=\"https:\/\/nobleanchor.fr\/wp-content\/uploads\/2025\/12\/1000005280-768x1024.jpg\" alt=\"\" class=\"wp-image-321\" srcset=\"https:\/\/nobleanchor.fr\/wp-content\/uploads\/2025\/12\/1000005280-768x1024.jpg 768w, https:\/\/nobleanchor.fr\/wp-content\/uploads\/2025\/12\/1000005280-225x300.jpg 225w, https:\/\/nobleanchor.fr\/wp-content\/uploads\/2025\/12\/1000005280-1152x1536.jpg 1152w, https:\/\/nobleanchor.fr\/wp-content\/uploads\/2025\/12\/1000005280-1536x2048.jpg 1536w, https:\/\/nobleanchor.fr\/wp-content\/uploads\/2025\/12\/1000005280-scaled.jpg 1920w\" sizes=\"auto, (max-width: 768px) 100vw, 768px\" \/><\/figure>\n\n\n\n<figure class=\"wp-block-image size-large\"><img loading=\"lazy\" decoding=\"async\" width=\"768\" height=\"1024\" data-id=\"322\" src=\"https:\/\/nobleanchor.fr\/wp-content\/uploads\/2025\/12\/1000005290-768x1024.jpg\" alt=\"\" class=\"wp-image-322\" srcset=\"https:\/\/nobleanchor.fr\/wp-content\/uploads\/2025\/12\/1000005290-768x1024.jpg 768w, https:\/\/nobleanchor.fr\/wp-content\/uploads\/2025\/12\/1000005290-225x300.jpg 225w, https:\/\/nobleanchor.fr\/wp-content\/uploads\/2025\/12\/1000005290-1152x1536.jpg 1152w, https:\/\/nobleanchor.fr\/wp-content\/uploads\/2025\/12\/1000005290-1536x2048.jpg 1536w, https:\/\/nobleanchor.fr\/wp-content\/uploads\/2025\/12\/1000005290-scaled.jpg 1920w\" sizes=\"auto, (max-width: 768px) 100vw, 768px\" \/><\/figure>\n\n\n\n<figure class=\"wp-block-image size-large\"><img loading=\"lazy\" decoding=\"async\" width=\"1024\" height=\"768\" data-id=\"314\" src=\"https:\/\/nobleanchor.fr\/wp-content\/uploads\/2025\/12\/1000005276-1024x768.jpg\" alt=\"\" class=\"wp-image-314\" srcset=\"https:\/\/nobleanchor.fr\/wp-content\/uploads\/2025\/12\/1000005276-1024x768.jpg 1024w, https:\/\/nobleanchor.fr\/wp-content\/uploads\/2025\/12\/1000005276-300x225.jpg 300w, https:\/\/nobleanchor.fr\/wp-content\/uploads\/2025\/12\/1000005276-768x576.jpg 768w, https:\/\/nobleanchor.fr\/wp-content\/uploads\/2025\/12\/1000005276-1536x1152.jpg 1536w, https:\/\/nobleanchor.fr\/wp-content\/uploads\/2025\/12\/1000005276-2048x1536.jpg 2048w\" sizes=\"auto, (max-width: 1024px) 100vw, 1024px\" \/><\/figure>\n\n\n\n<figure class=\"wp-block-image size-large\"><img loading=\"lazy\" decoding=\"async\" width=\"1024\" height=\"768\" data-id=\"313\" src=\"https:\/\/nobleanchor.fr\/wp-content\/uploads\/2025\/12\/1000005282-1024x768.jpg\" alt=\"\" class=\"wp-image-313\" srcset=\"https:\/\/nobleanchor.fr\/wp-content\/uploads\/2025\/12\/1000005282-1024x768.jpg 1024w, https:\/\/nobleanchor.fr\/wp-content\/uploads\/2025\/12\/1000005282-300x225.jpg 300w, https:\/\/nobleanchor.fr\/wp-content\/uploads\/2025\/12\/1000005282-768x576.jpg 768w, https:\/\/nobleanchor.fr\/wp-content\/uploads\/2025\/12\/1000005282-1536x1152.jpg 1536w, https:\/\/nobleanchor.fr\/wp-content\/uploads\/2025\/12\/1000005282-2048x1536.jpg 2048w\" sizes=\"auto, (max-width: 1024px) 100vw, 1024px\" \/><\/figure>\n\n\n\n<figure class=\"wp-block-image size-large\"><img loading=\"lazy\" decoding=\"async\" width=\"768\" height=\"1024\" data-id=\"323\" src=\"https:\/\/nobleanchor.fr\/wp-content\/uploads\/2025\/12\/1000005286-768x1024.jpg\" alt=\"\" class=\"wp-image-323\" srcset=\"https:\/\/nobleanchor.fr\/wp-content\/uploads\/2025\/12\/1000005286-768x1024.jpg 768w, https:\/\/nobleanchor.fr\/wp-content\/uploads\/2025\/12\/1000005286-225x300.jpg 225w, https:\/\/nobleanchor.fr\/wp-content\/uploads\/2025\/12\/1000005286-1152x1536.jpg 1152w, https:\/\/nobleanchor.fr\/wp-content\/uploads\/2025\/12\/1000005286-1536x2048.jpg 1536w, https:\/\/nobleanchor.fr\/wp-content\/uploads\/2025\/12\/1000005286-scaled.jpg 1920w\" sizes=\"auto, (max-width: 768px) 100vw, 768px\" \/><\/figure>\n\n\n\n<figure class=\"wp-block-image size-large\"><img loading=\"lazy\" decoding=\"async\" width=\"768\" height=\"1024\" data-id=\"324\" src=\"https:\/\/nobleanchor.fr\/wp-content\/uploads\/2025\/12\/1000005283-768x1024.jpg\" alt=\"\" class=\"wp-image-324\" srcset=\"https:\/\/nobleanchor.fr\/wp-content\/uploads\/2025\/12\/1000005283-768x1024.jpg 768w, https:\/\/nobleanchor.fr\/wp-content\/uploads\/2025\/12\/1000005283-225x300.jpg 225w, https:\/\/nobleanchor.fr\/wp-content\/uploads\/2025\/12\/1000005283-1152x1536.jpg 1152w, https:\/\/nobleanchor.fr\/wp-content\/uploads\/2025\/12\/1000005283-1536x2048.jpg 1536w, https:\/\/nobleanchor.fr\/wp-content\/uploads\/2025\/12\/1000005283-scaled.jpg 1920w\" sizes=\"auto, (max-width: 768px) 100vw, 768px\" \/><\/figure>\n<\/figure>\n\n\n\n<p>\u00c0 vendre bass boat, id\u00e9al p\u00eache sportive, tr\u00e8s bien \u00e9quip\u00e9, pr\u00eat \u00e0 naviguer.<\/p>\n\n\n\n<p>Caract\u00e9ristiques g\u00e9n\u00e9rales<\/p>\n\n\n\n<p>-Longueur : 4,40 m<\/p>\n\n\n\n<p>-Largeur : 1,60 m<\/p>\n\n\n\n<p>-Cat\u00e9gorie de conception : C<\/p>\n\n\n\n<p>-Pavillon fran\u00e7ais<\/p>\n\n\n\n<p>-Ann\u00e9e coque : 1990<\/p>\n\n\n\n<p>Motorisation<\/p>\n\n\n\n<p>-Yamaha 4 temps injection<\/p>\n\n\n\n<p>-Puissance administrative : 30 CV (22,08 kW)<\/p>\n\n\n\n<p>-Puissance r\u00e9el environ 50 CV<\/p>\n\n\n\n<p>-Direction hydraulique<\/p>\n\n\n\n<p>-Moteur de 2017 \u2013 env. 600 h<\/p>\n\n\n\n<p>-Tr\u00e8s bon fonctionnement<\/p>\n\n\n\n<p>-\u00c9tat moteur : 9\/10<\/p>\n\n\n\n<p>\u00c9quipement p\u00eache (tr\u00e8s complet)<\/p>\n\n\n\n<p>-3 sondeurs \/ GPS Lowrance<\/p>\n\n\n\n<p>-HDS7<\/p>\n\n\n\n<p>-NSS7<\/p>\n\n\n\n<p>-Moteur \u00e9lectrique MotorGuide 24V<\/p>\n\n\n\n<p>-Avec valise \/ alimentation ind\u00e9pendante<\/p>\n\n\n\n<p>-Nombreux porte-cannes<\/p>\n\n\n\n<p>-Ancrage via moteur \u00e9lectrique<\/p>\n\n\n\n<p>Confort &amp; \u00e9quipements<\/p>\n\n\n\n<p>-Sellerie neuve sur mesure<\/p>\n\n\n\n<p>-4 coffres de rangement<\/p>\n\n\n\n<p>-Pont int\u00e9rieur : 7\/10<\/p>\n\n\n\n<p>-\u00c9lectricit\u00e9 : 7\/10<\/p>\n\n\n\n<p>-Haut-parleurs Bluetooth<\/p>\n\n\n\n<p>-\u00c9clairage LED bleu<\/p>\n\n\n\n<p>-Pompe de cale<\/p>\n\n\n\n<p>Remorque<\/p>\n\n\n\n<p>-Remorque Galaxie neuve<\/p>\n\n\n\n<p>-\u00c9tat : 9\/10<\/p>\n\n\n\n<p>\u00c9tat g\u00e9n\u00e9ral<\/p>\n\n\n\n<p>-Coque : quelques d\u00e9fauts esth\u00e9tiques<\/p>\n\n\n\n<p>-Note globale : 8\/10<\/p>\n\n\n\n<p>-Factures d\u2019entretien disponibles<\/p>\n\n\n\n<div class=\"wp-block-buttons is-layout-flex wp-block-buttons-is-layout-flex\">\n<div class=\"wp-block-button has-custom-width wp-block-button__width-100\"><a class=\"wp-block-button__link has-text-color has-background has-link-color has-x-large-font-size has-custom-font-size wp-element-button\" href=\"https:\/\/nobleanchor.fr\/index.php\/contact\/\" style=\"border-radius:75px;color:#ffffff;background-color:#000000\">Int\u00e9resser contactez nous<\/a><\/div>\n<\/div>\n\n\n\n<p><\/p>\n","protected":false},"excerpt":{"rendered":"<p>Bass Boat \u2013 Yamaha Injection \u2013 Tr\u00e8s \u00e9quip\u00e9 \u2013 Remorque neuve \u00c0 vendre bass boat, id\u00e9al p\u00eache sportive, tr\u00e8s bien \u00e9quip\u00e9, pr\u00eat \u00e0 naviguer. Caract\u00e9ristiques g\u00e9n\u00e9rales -Longueur : 4,40 m -Largeur : 1,60 m -Cat\u00e9gorie de conception : C -Pavillon fran\u00e7ais -Ann\u00e9e coque : 1990 Motorisation -Yamaha 4 temps injection -Puissance administrative : 30 CV [&hellip;]<\/p>\n","protected":false},"author":1,"featured_media":0,"parent":0,"menu_order":0,"comment_status":"closed","ping_status":"closed","template":"","meta":{"footnotes":""},"class_list":["post-317","page","type-page","status-publish","hentry"],"_links":{"self":[{"href":"https:\/\/nobleanchor.fr\/index.php\/wp-json\/wp\/v2\/pages\/317","targetHints":{"allow":["GET"]}}],"collection":[{"href":"https:\/\/nobleanchor.fr\/index.php\/wp-json\/wp\/v2\/pages"}],"about":[{"href":"https:\/\/nobleanchor.fr\/index.php\/wp-json\/wp\/v2\/types\/page"}],"author":[{"embeddable":true,"href":"https:\/\/nobleanchor.fr\/index.php\/wp-json\/wp\/v2\/users\/1"}],"replies":[{"embeddable":true,"href":"https:\/\/nobleanchor.fr\/index.php\/wp-json\/wp\/v2\/comments?post=317"}],"version-history":[{"count":2,"href":"https:\/\/nobleanchor.fr\/index.php\/wp-json\/wp\/v2\/pages\/317\/revisions"}],"predecessor-version":[{"id":325,"href":"https:\/\/nobleanchor.fr\/index.php\/wp-json\/wp\/v2\/pages\/317\/revisions\/325"}],"wp:attachment":[{"href":"https:\/\/nobleanchor.fr\/index.php\/wp-json\/wp\/v2\/media?parent=317"}],"curies":[{"name":"wp","href":"https:\/\/api.w.org\/{rel}","templated":true}]}}