{"id":267,"date":"2025-10-29T14:58:54","date_gmt":"2025-10-29T13:58:54","guid":{"rendered":"https:\/\/nobleanchor.fr\/?page_id=267"},"modified":"2025-11-19T19:14:13","modified_gmt":"2025-11-19T18:14:13","slug":"saxdor-320-gto-2023","status":"publish","type":"page","link":"https:\/\/nobleanchor.fr\/index.php\/saxdor-320-gto-2023\/","title":{"rendered":"Saxdor 320 GTO \u2013 2023"},"content":{"rendered":"\n<h2 class=\"wp-block-heading has-text-color has-background has-link-color has-large-font-size wp-elements-1dfcef3b1871a947a746f691e4c78b68\" style=\"border-style:none;border-width:0px;border-radius:10px;color:#ffffff;background-color:#000000;padding-top:var(--wp--preset--spacing--30);padding-right:var(--wp--preset--spacing--80);padding-bottom:var(--wp--preset--spacing--30);padding-left:var(--wp--preset--spacing--80)\">Saxdor 320 GTO \u2013 2023<\/h2>\n\n\n\n<figure class=\"wp-block-gallery has-nested-images columns-1 is-cropped wp-block-gallery-1 is-layout-flex wp-block-gallery-is-layout-flex\">\n<figure class=\"wp-block-image size-large is-style-default\"><img loading=\"lazy\" decoding=\"async\" width=\"1024\" height=\"768\" data-id=\"270\" src=\"https:\/\/nobleanchor.fr\/wp-content\/uploads\/2025\/10\/1000004891-1-1024x768.jpg\" alt=\"\" class=\"wp-image-270\" srcset=\"https:\/\/nobleanchor.fr\/wp-content\/uploads\/2025\/10\/1000004891-1-1024x768.jpg 1024w, https:\/\/nobleanchor.fr\/wp-content\/uploads\/2025\/10\/1000004891-1-300x225.jpg 300w, https:\/\/nobleanchor.fr\/wp-content\/uploads\/2025\/10\/1000004891-1-768x576.jpg 768w, https:\/\/nobleanchor.fr\/wp-content\/uploads\/2025\/10\/1000004891-1-1536x1152.jpg 1536w, https:\/\/nobleanchor.fr\/wp-content\/uploads\/2025\/10\/1000004891-1.jpg 2048w\" sizes=\"auto, (max-width: 1024px) 100vw, 1024px\" \/><\/figure>\n\n\n\n<figure class=\"wp-block-image size-full is-style-default\"><img loading=\"lazy\" decoding=\"async\" width=\"1600\" height=\"1200\" data-id=\"276\" src=\"https:\/\/nobleanchor.fr\/wp-content\/uploads\/2025\/10\/1000004888.jpg\" alt=\"\" class=\"wp-image-276\" srcset=\"https:\/\/nobleanchor.fr\/wp-content\/uploads\/2025\/10\/1000004888.jpg 1600w, https:\/\/nobleanchor.fr\/wp-content\/uploads\/2025\/10\/1000004888-300x225.jpg 300w, https:\/\/nobleanchor.fr\/wp-content\/uploads\/2025\/10\/1000004888-1024x768.jpg 1024w, https:\/\/nobleanchor.fr\/wp-content\/uploads\/2025\/10\/1000004888-768x576.jpg 768w, https:\/\/nobleanchor.fr\/wp-content\/uploads\/2025\/10\/1000004888-1536x1152.jpg 1536w\" sizes=\"auto, (max-width: 1600px) 100vw, 1600px\" \/><\/figure>\n\n\n\n<figure class=\"wp-block-image size-large\"><img loading=\"lazy\" decoding=\"async\" width=\"831\" height=\"1024\" data-id=\"273\" src=\"https:\/\/nobleanchor.fr\/wp-content\/uploads\/2025\/10\/1000004878-1-831x1024.jpg\" alt=\"\" class=\"wp-image-273\" srcset=\"https:\/\/nobleanchor.fr\/wp-content\/uploads\/2025\/10\/1000004878-1-831x1024.jpg 831w, https:\/\/nobleanchor.fr\/wp-content\/uploads\/2025\/10\/1000004878-1-243x300.jpg 243w, https:\/\/nobleanchor.fr\/wp-content\/uploads\/2025\/10\/1000004878-1-768x947.jpg 768w, https:\/\/nobleanchor.fr\/wp-content\/uploads\/2025\/10\/1000004878-1.jpg 1224w\" sizes=\"auto, (max-width: 831px) 100vw, 831px\" \/><\/figure>\n\n\n\n<figure class=\"wp-block-image size-large\"><img loading=\"lazy\" decoding=\"async\" width=\"878\" height=\"1024\" data-id=\"274\" src=\"https:\/\/nobleanchor.fr\/wp-content\/uploads\/2025\/10\/1000004879-878x1024.jpg\" alt=\"\" class=\"wp-image-274\" srcset=\"https:\/\/nobleanchor.fr\/wp-content\/uploads\/2025\/10\/1000004879-878x1024.jpg 878w, https:\/\/nobleanchor.fr\/wp-content\/uploads\/2025\/10\/1000004879-257x300.jpg 257w, https:\/\/nobleanchor.fr\/wp-content\/uploads\/2025\/10\/1000004879-768x895.jpg 768w, https:\/\/nobleanchor.fr\/wp-content\/uploads\/2025\/10\/1000004879.jpg 1224w\" sizes=\"auto, (max-width: 878px) 100vw, 878px\" \/><\/figure>\n\n\n\n<figure class=\"wp-block-image size-large\"><img loading=\"lazy\" decoding=\"async\" width=\"1024\" height=\"768\" data-id=\"275\" src=\"https:\/\/nobleanchor.fr\/wp-content\/uploads\/2025\/10\/1000004868-1-1024x768.jpg\" alt=\"\" class=\"wp-image-275\" srcset=\"https:\/\/nobleanchor.fr\/wp-content\/uploads\/2025\/10\/1000004868-1-1024x768.jpg 1024w, https:\/\/nobleanchor.fr\/wp-content\/uploads\/2025\/10\/1000004868-1-300x225.jpg 300w, https:\/\/nobleanchor.fr\/wp-content\/uploads\/2025\/10\/1000004868-1-768x576.jpg 768w, https:\/\/nobleanchor.fr\/wp-content\/uploads\/2025\/10\/1000004868-1-1536x1152.jpg 1536w, https:\/\/nobleanchor.fr\/wp-content\/uploads\/2025\/10\/1000004868-1.jpg 2000w\" sizes=\"auto, (max-width: 1024px) 100vw, 1024px\" \/><\/figure>\n\n\n\n<figure class=\"wp-block-image size-large\"><img loading=\"lazy\" decoding=\"async\" width=\"1024\" height=\"768\" data-id=\"277\" src=\"https:\/\/nobleanchor.fr\/wp-content\/uploads\/2025\/10\/1000004863-1024x768.jpg\" alt=\"\" class=\"wp-image-277\" srcset=\"https:\/\/nobleanchor.fr\/wp-content\/uploads\/2025\/10\/1000004863-1024x768.jpg 1024w, https:\/\/nobleanchor.fr\/wp-content\/uploads\/2025\/10\/1000004863-300x225.jpg 300w, https:\/\/nobleanchor.fr\/wp-content\/uploads\/2025\/10\/1000004863-768x576.jpg 768w, https:\/\/nobleanchor.fr\/wp-content\/uploads\/2025\/10\/1000004863-1536x1152.jpg 1536w, https:\/\/nobleanchor.fr\/wp-content\/uploads\/2025\/10\/1000004863.jpg 2048w\" sizes=\"auto, (max-width: 1024px) 100vw, 1024px\" \/><\/figure>\n\n\n\n<figure class=\"wp-block-image size-large\"><img loading=\"lazy\" decoding=\"async\" width=\"1024\" height=\"768\" data-id=\"278\" src=\"https:\/\/nobleanchor.fr\/wp-content\/uploads\/2025\/10\/1000004858-1-1024x768.jpg\" alt=\"\" class=\"wp-image-278\" srcset=\"https:\/\/nobleanchor.fr\/wp-content\/uploads\/2025\/10\/1000004858-1-1024x768.jpg 1024w, https:\/\/nobleanchor.fr\/wp-content\/uploads\/2025\/10\/1000004858-1-300x225.jpg 300w, https:\/\/nobleanchor.fr\/wp-content\/uploads\/2025\/10\/1000004858-1-768x576.jpg 768w, https:\/\/nobleanchor.fr\/wp-content\/uploads\/2025\/10\/1000004858-1-1536x1152.jpg 1536w, https:\/\/nobleanchor.fr\/wp-content\/uploads\/2025\/10\/1000004858-1.jpg 1600w\" sizes=\"auto, (max-width: 1024px) 100vw, 1024px\" \/><\/figure>\n\n\n\n<figure class=\"wp-block-image size-large\"><img loading=\"lazy\" decoding=\"async\" width=\"768\" height=\"1024\" data-id=\"279\" src=\"https:\/\/nobleanchor.fr\/wp-content\/uploads\/2025\/10\/1000004873-768x1024.jpg\" alt=\"\" class=\"wp-image-279\" srcset=\"https:\/\/nobleanchor.fr\/wp-content\/uploads\/2025\/10\/1000004873-768x1024.jpg 768w, https:\/\/nobleanchor.fr\/wp-content\/uploads\/2025\/10\/1000004873-225x300.jpg 225w, https:\/\/nobleanchor.fr\/wp-content\/uploads\/2025\/10\/1000004873-1152x1536.jpg 1152w, https:\/\/nobleanchor.fr\/wp-content\/uploads\/2025\/10\/1000004873.jpg 1200w\" sizes=\"auto, (max-width: 768px) 100vw, 768px\" \/><\/figure>\n<\/figure>\n\n\n\n<p>Saxdor 320 GTO<\/p>\n\n\n\n<p>Ann\u00e9e : 2023 en excellent \u00e9tat.<\/p>\n\n\n\n<p>Moteur : Mercury 300 CV V8 245h<\/p>\n\n\n\n<p>\u2022 Garantie constructeur \u2013 Entretien et r\u00e9vision \u00e0 jour.<\/p>\n\n\n\n<p>\u00c9quipements :<\/p>\n\n\n\n<p>\u2022 Propulseur d\u2019\u00e9trave, guindeau \u00e9lectrique, GPS\/sondeur 12\u201d<\/p>\n\n\n\n<p>\u2022 Bain de soleil avant et arri\u00e8re King size, taud d\u2019hivernage, extension taud arri\u00e8re<\/p>\n\n\n\n<p>\u2022 Cuisine \u00e9quip\u00e9e, cabine confortable avec salle de bain et wc.<\/p>\n\n\n\n<p>\u2022 \u00c9clairage LED, Flex Tech gris au sol<\/p>\n\n\n\n<p>\u2022 Portes lat\u00e9rales ouvrables<\/p>\n\n\n\n<p>Vente directe de particulier.<\/p>\n\n\n\n<p>Voir moins<\/p>\n\n\n\n<p>Saxdor 320 GTO de 2023 en excellent \u00e9tat g\u00e9n\u00e9ral, soigneusement entretenu et pr\u00eat \u00e0 naviguer.<br>Bateau sous leasing <strong>Lizmer<\/strong>, avec possibilit\u00e9 de <strong>reprise du financement en cours<\/strong>.<\/p>\n\n\n\n<p><strong>Caract\u00e9ristiques principales :<\/strong><\/p>\n\n\n\n<ul class=\"wp-block-list\">\n<li>Coque grise (teinte 02)<\/li>\n\n\n\n<li>Sellerie Herm\u00e8s orange<\/li>\n\n\n\n<li>Moteur Mercury V8 300 ch \u2013 <strong>environ 245 h<\/strong> (garantie constructeur en cours)<\/li>\n\n\n\n<li><strong>R\u00e9vision Mercury \u00e0 jour<\/strong><\/li>\n<\/ul>\n\n\n\n<p><strong>Options et \u00e9quipements :<\/strong><\/p>\n\n\n\n<ul class=\"wp-block-list\">\n<li>Propulseur d\u2019\u00e9trave<\/li>\n\n\n\n<li>Guindeau \u00e9lectrique<\/li>\n\n\n\n<li>T\u00e9l\u00e9commande sans fil pour propulseur et guindeau<\/li>\n\n\n\n<li>\u00c9lectronique Garmin : \u00e9cran GPS\/sondeur 12\u201d avec r\u00e9p\u00e9titeur et affichage moteur<\/li>\n\n\n\n<li>Chargeur induction pour smartphone et multiples prises USB<\/li>\n\n\n\n<li>Flex Tech gris au sol avec logo Saxdor<\/li>\n\n\n\n<li>\u00c9clairage LED int\u00e9rieur et ext\u00e9rieur (teinte mauve)<\/li>\n\n\n\n<li>Trois batteries, chargeur 220 V et prise de quai<\/li>\n\n\n\n<li>Pavois lat\u00e9raux \u00e9lectriques et d\u00e9ployables<\/li>\n\n\n\n<li>Cale de service \u00e0 commande \u00e9lectrique<\/li>\n<\/ul>\n\n\n\n<p><strong>Am\u00e9nagements int\u00e9rieurs :<\/strong><\/p>\n\n\n\n<ul class=\"wp-block-list\">\n<li>Cabine double avec deux couchages et matelas confort<\/li>\n\n\n\n<li>WC \u00e9lectrique, meuble \u00e9vier, douchette, penderie, rideaux occultants<\/li>\n\n\n\n<li>Cuisine avec r\u00e9frig\u00e9rateur et \u00e9vier<\/li>\n\n\n\n<li>Douchette de pont arri\u00e8re<\/li>\n<\/ul>\n\n\n\n<p><strong>\u00c9quipements ext\u00e9rieurs :<\/strong><\/p>\n\n\n\n<ul class=\"wp-block-list\">\n<li>Bain de soleil avant et arri\u00e8re king size<\/li>\n\n\n\n<li>Extension de taud arri\u00e8re d\u2019origine Saxdor<\/li>\n\n\n\n<li>Housses d\u2019hivernage Sunbrella sigl\u00e9es Saxdor<\/li>\n\n\n\n<li>Plateformes de bain spacieuses<\/li>\n<\/ul>\n\n\n\n<p><strong>Informations financi\u00e8res (leasing Lizmer) :<\/strong><\/p>\n\n\n\n<ul class=\"wp-block-list\">\n<li><strong>Soulte : 39 000 \u20ac<\/strong><\/li>\n\n\n\n<li><strong>152 loyers<\/strong> \u00e0 <strong>1 289,75 \u20ac TTC<\/strong> \u00e0 compter du <strong>15\/10\/2025<\/strong><\/li>\n\n\n\n<li>Dernier loyer : <strong>15\/05\/2038<\/strong><\/li>\n\n\n\n<li>Valeur de rachat : <strong>24 478,97 \u20ac TTC<\/strong> au <strong>15\/06\/2038<\/strong><\/li>\n\n\n\n<li>Transfert de locataire possible <strong>uniquement pour une personne physique<\/strong><\/li>\n<\/ul>\n\n\n\n<p>Bateau visible sur rendez-vous, disponible imm\u00e9diatement.<\/p>\n\n\n\n<p>189 000 euro<\/p>\n\n\n\n<div class=\"wp-block-buttons is-layout-flex wp-block-buttons-is-layout-flex\">\n<div class=\"wp-block-button has-custom-width wp-block-button__width-100\"><a class=\"wp-block-button__link has-text-color has-background has-link-color has-x-large-font-size has-custom-font-size wp-element-button\" href=\"https:\/\/nobleanchor.fr\/index.php\/contact\/\" style=\"border-radius:75px;color:#ffffff;background-color:#000000\">Int\u00e9resser contactez nous<\/a><\/div>\n<\/div>\n\n\n\n<p><\/p>\n","protected":false},"excerpt":{"rendered":"<p>Saxdor 320 GTO \u2013 2023 Saxdor 320 GTO Ann\u00e9e : 2023 en excellent \u00e9tat. Moteur : Mercury 300 CV V8 245h \u2022 Garantie constructeur \u2013 Entretien et r\u00e9vision \u00e0 jour. \u00c9quipements : \u2022 Propulseur d\u2019\u00e9trave, guindeau \u00e9lectrique, GPS\/sondeur 12\u201d \u2022 Bain de soleil avant et arri\u00e8re King size, taud d\u2019hivernage, extension taud arri\u00e8re \u2022 Cuisine [&hellip;]<\/p>\n","protected":false},"author":1,"featured_media":0,"parent":0,"menu_order":0,"comment_status":"closed","ping_status":"closed","template":"","meta":{"footnotes":""},"class_list":["post-267","page","type-page","status-publish","hentry"],"_links":{"self":[{"href":"https:\/\/nobleanchor.fr\/index.php\/wp-json\/wp\/v2\/pages\/267","targetHints":{"allow":["GET"]}}],"collection":[{"href":"https:\/\/nobleanchor.fr\/index.php\/wp-json\/wp\/v2\/pages"}],"about":[{"href":"https:\/\/nobleanchor.fr\/index.php\/wp-json\/wp\/v2\/types\/page"}],"author":[{"embeddable":true,"href":"https:\/\/nobleanchor.fr\/index.php\/wp-json\/wp\/v2\/users\/1"}],"replies":[{"embeddable":true,"href":"https:\/\/nobleanchor.fr\/index.php\/wp-json\/wp\/v2\/comments?post=267"}],"version-history":[{"count":3,"href":"https:\/\/nobleanchor.fr\/index.php\/wp-json\/wp\/v2\/pages\/267\/revisions"}],"predecessor-version":[{"id":309,"href":"https:\/\/nobleanchor.fr\/index.php\/wp-json\/wp\/v2\/pages\/267\/revisions\/309"}],"wp:attachment":[{"href":"https:\/\/nobleanchor.fr\/index.php\/wp-json\/wp\/v2\/media?parent=267"}],"curies":[{"name":"wp","href":"https:\/\/api.w.org\/{rel}","templated":true}]}}