{"id":243,"date":"2025-10-16T18:04:38","date_gmt":"2025-10-16T16:04:38","guid":{"rendered":"https:\/\/nobleanchor.fr\/?page_id=243"},"modified":"2025-11-17T11:25:58","modified_gmt":"2025-11-17T10:25:58","slug":"saver-650-wa-walk-around","status":"publish","type":"page","link":"https:\/\/nobleanchor.fr\/index.php\/saver-650-wa-walk-around\/","title":{"rendered":"Saver 650 WA Walk Around"},"content":{"rendered":"\n<h2 class=\"wp-block-heading has-text-color has-background has-link-color has-large-font-size wp-elements-bbe41e3497462320e2fcd3acd1bf46ca\" style=\"border-style:none;border-width:0px;border-radius:10px;color:#ffffff;background-color:#000000;padding-top:var(--wp--preset--spacing--30);padding-right:var(--wp--preset--spacing--80);padding-bottom:var(--wp--preset--spacing--30);padding-left:var(--wp--preset--spacing--80)\">Saver 655 WA Walk Around<\/h2>\n\n\n\n<figure class=\"wp-block-gallery has-nested-images columns-1 is-cropped wp-block-gallery-1 is-layout-flex wp-block-gallery-is-layout-flex\">\n<figure class=\"wp-block-image size-large\"><img loading=\"lazy\" decoding=\"async\" width=\"1024\" height=\"768\" data-id=\"246\" src=\"https:\/\/nobleanchor.fr\/wp-content\/uploads\/2025\/10\/IMG_20251015_150849_922-2-1024x768.jpg\" alt=\"\" class=\"wp-image-246\" srcset=\"https:\/\/nobleanchor.fr\/wp-content\/uploads\/2025\/10\/IMG_20251015_150849_922-2-1024x768.jpg 1024w, https:\/\/nobleanchor.fr\/wp-content\/uploads\/2025\/10\/IMG_20251015_150849_922-2-300x225.jpg 300w, https:\/\/nobleanchor.fr\/wp-content\/uploads\/2025\/10\/IMG_20251015_150849_922-2-768x576.jpg 768w, https:\/\/nobleanchor.fr\/wp-content\/uploads\/2025\/10\/IMG_20251015_150849_922-2-1536x1152.jpg 1536w, https:\/\/nobleanchor.fr\/wp-content\/uploads\/2025\/10\/IMG_20251015_150849_922-2-2048x1536.jpg 2048w\" sizes=\"auto, (max-width: 1024px) 100vw, 1024px\" \/><\/figure>\n\n\n\n<figure class=\"wp-block-image size-large\"><img loading=\"lazy\" decoding=\"async\" width=\"1024\" height=\"768\" data-id=\"247\" src=\"https:\/\/nobleanchor.fr\/wp-content\/uploads\/2025\/10\/IMG_20251015_151503_404-1-1024x768.jpg\" alt=\"\" class=\"wp-image-247\" srcset=\"https:\/\/nobleanchor.fr\/wp-content\/uploads\/2025\/10\/IMG_20251015_151503_404-1-1024x768.jpg 1024w, https:\/\/nobleanchor.fr\/wp-content\/uploads\/2025\/10\/IMG_20251015_151503_404-1-300x225.jpg 300w, https:\/\/nobleanchor.fr\/wp-content\/uploads\/2025\/10\/IMG_20251015_151503_404-1-768x576.jpg 768w, https:\/\/nobleanchor.fr\/wp-content\/uploads\/2025\/10\/IMG_20251015_151503_404-1-1536x1152.jpg 1536w, https:\/\/nobleanchor.fr\/wp-content\/uploads\/2025\/10\/IMG_20251015_151503_404-1-2048x1536.jpg 2048w\" sizes=\"auto, (max-width: 1024px) 100vw, 1024px\" \/><\/figure>\n\n\n\n<figure class=\"wp-block-image size-full is-style-default\"><img loading=\"lazy\" decoding=\"async\" width=\"1920\" height=\"2560\" data-id=\"249\" src=\"https:\/\/nobleanchor.fr\/wp-content\/uploads\/2025\/10\/IMG_20251015_150759_853-scaled.jpg\" alt=\"\" class=\"wp-image-249\" srcset=\"https:\/\/nobleanchor.fr\/wp-content\/uploads\/2025\/10\/IMG_20251015_150759_853-scaled.jpg 1920w, https:\/\/nobleanchor.fr\/wp-content\/uploads\/2025\/10\/IMG_20251015_150759_853-225x300.jpg 225w, https:\/\/nobleanchor.fr\/wp-content\/uploads\/2025\/10\/IMG_20251015_150759_853-768x1024.jpg 768w, https:\/\/nobleanchor.fr\/wp-content\/uploads\/2025\/10\/IMG_20251015_150759_853-1152x1536.jpg 1152w, https:\/\/nobleanchor.fr\/wp-content\/uploads\/2025\/10\/IMG_20251015_150759_853-1536x2048.jpg 1536w\" sizes=\"auto, (max-width: 1920px) 100vw, 1920px\" \/><\/figure>\n\n\n\n<figure class=\"wp-block-image size-large\"><img loading=\"lazy\" decoding=\"async\" width=\"1024\" height=\"768\" data-id=\"250\" src=\"https:\/\/nobleanchor.fr\/wp-content\/uploads\/2025\/10\/IMG_20251015_150738_784-1-1024x768.jpg\" alt=\"\" class=\"wp-image-250\" srcset=\"https:\/\/nobleanchor.fr\/wp-content\/uploads\/2025\/10\/IMG_20251015_150738_784-1-1024x768.jpg 1024w, https:\/\/nobleanchor.fr\/wp-content\/uploads\/2025\/10\/IMG_20251015_150738_784-1-300x225.jpg 300w, https:\/\/nobleanchor.fr\/wp-content\/uploads\/2025\/10\/IMG_20251015_150738_784-1-768x576.jpg 768w, https:\/\/nobleanchor.fr\/wp-content\/uploads\/2025\/10\/IMG_20251015_150738_784-1-1536x1152.jpg 1536w, https:\/\/nobleanchor.fr\/wp-content\/uploads\/2025\/10\/IMG_20251015_150738_784-1-2048x1536.jpg 2048w\" sizes=\"auto, (max-width: 1024px) 100vw, 1024px\" \/><\/figure>\n\n\n\n<figure class=\"wp-block-image size-large\"><img loading=\"lazy\" decoding=\"async\" width=\"768\" height=\"1024\" data-id=\"251\" src=\"https:\/\/nobleanchor.fr\/wp-content\/uploads\/2025\/10\/IMG_20251015_150809_723-768x1024.jpg\" alt=\"\" class=\"wp-image-251\" srcset=\"https:\/\/nobleanchor.fr\/wp-content\/uploads\/2025\/10\/IMG_20251015_150809_723-768x1024.jpg 768w, https:\/\/nobleanchor.fr\/wp-content\/uploads\/2025\/10\/IMG_20251015_150809_723-225x300.jpg 225w, https:\/\/nobleanchor.fr\/wp-content\/uploads\/2025\/10\/IMG_20251015_150809_723-1152x1536.jpg 1152w, https:\/\/nobleanchor.fr\/wp-content\/uploads\/2025\/10\/IMG_20251015_150809_723-1536x2048.jpg 1536w, https:\/\/nobleanchor.fr\/wp-content\/uploads\/2025\/10\/IMG_20251015_150809_723-scaled.jpg 1920w\" sizes=\"auto, (max-width: 768px) 100vw, 768px\" \/><\/figure>\n\n\n\n<figure class=\"wp-block-image size-large\"><img loading=\"lazy\" decoding=\"async\" width=\"768\" height=\"1024\" data-id=\"252\" src=\"https:\/\/nobleanchor.fr\/wp-content\/uploads\/2025\/10\/IMG_20251015_150837_855-768x1024.jpg\" alt=\"\" class=\"wp-image-252\" srcset=\"https:\/\/nobleanchor.fr\/wp-content\/uploads\/2025\/10\/IMG_20251015_150837_855-768x1024.jpg 768w, https:\/\/nobleanchor.fr\/wp-content\/uploads\/2025\/10\/IMG_20251015_150837_855-225x300.jpg 225w, https:\/\/nobleanchor.fr\/wp-content\/uploads\/2025\/10\/IMG_20251015_150837_855-1152x1536.jpg 1152w, https:\/\/nobleanchor.fr\/wp-content\/uploads\/2025\/10\/IMG_20251015_150837_855-1536x2048.jpg 1536w, https:\/\/nobleanchor.fr\/wp-content\/uploads\/2025\/10\/IMG_20251015_150837_855-scaled.jpg 1920w\" sizes=\"auto, (max-width: 768px) 100vw, 768px\" \/><\/figure>\n\n\n\n<figure class=\"wp-block-image size-large\"><img loading=\"lazy\" decoding=\"async\" width=\"1024\" height=\"768\" data-id=\"253\" src=\"https:\/\/nobleanchor.fr\/wp-content\/uploads\/2025\/10\/IMG_20251015_150659_629-1024x768.jpg\" alt=\"\" class=\"wp-image-253\" srcset=\"https:\/\/nobleanchor.fr\/wp-content\/uploads\/2025\/10\/IMG_20251015_150659_629-1024x768.jpg 1024w, https:\/\/nobleanchor.fr\/wp-content\/uploads\/2025\/10\/IMG_20251015_150659_629-300x225.jpg 300w, https:\/\/nobleanchor.fr\/wp-content\/uploads\/2025\/10\/IMG_20251015_150659_629-768x576.jpg 768w, https:\/\/nobleanchor.fr\/wp-content\/uploads\/2025\/10\/IMG_20251015_150659_629-1536x1152.jpg 1536w, https:\/\/nobleanchor.fr\/wp-content\/uploads\/2025\/10\/IMG_20251015_150659_629-2048x1536.jpg 2048w\" sizes=\"auto, (max-width: 1024px) 100vw, 1024px\" \/><\/figure>\n\n\n\n<figure class=\"wp-block-image size-large\"><img loading=\"lazy\" decoding=\"async\" width=\"1024\" height=\"768\" data-id=\"254\" src=\"https:\/\/nobleanchor.fr\/wp-content\/uploads\/2025\/10\/IMG_20251015_150719_054-1024x768.jpg\" alt=\"\" class=\"wp-image-254\" srcset=\"https:\/\/nobleanchor.fr\/wp-content\/uploads\/2025\/10\/IMG_20251015_150719_054-1024x768.jpg 1024w, https:\/\/nobleanchor.fr\/wp-content\/uploads\/2025\/10\/IMG_20251015_150719_054-300x225.jpg 300w, https:\/\/nobleanchor.fr\/wp-content\/uploads\/2025\/10\/IMG_20251015_150719_054-768x576.jpg 768w, https:\/\/nobleanchor.fr\/wp-content\/uploads\/2025\/10\/IMG_20251015_150719_054-1536x1152.jpg 1536w, https:\/\/nobleanchor.fr\/wp-content\/uploads\/2025\/10\/IMG_20251015_150719_054-2048x1536.jpg 2048w\" sizes=\"auto, (max-width: 1024px) 100vw, 1024px\" \/><\/figure>\n\n\n\n<figure class=\"wp-block-image size-large\"><img loading=\"lazy\" decoding=\"async\" width=\"1024\" height=\"768\" data-id=\"255\" src=\"https:\/\/nobleanchor.fr\/wp-content\/uploads\/2025\/10\/IMG_20251015_150707_171-1024x768.jpg\" alt=\"\" class=\"wp-image-255\" srcset=\"https:\/\/nobleanchor.fr\/wp-content\/uploads\/2025\/10\/IMG_20251015_150707_171-1024x768.jpg 1024w, https:\/\/nobleanchor.fr\/wp-content\/uploads\/2025\/10\/IMG_20251015_150707_171-300x225.jpg 300w, https:\/\/nobleanchor.fr\/wp-content\/uploads\/2025\/10\/IMG_20251015_150707_171-768x576.jpg 768w, https:\/\/nobleanchor.fr\/wp-content\/uploads\/2025\/10\/IMG_20251015_150707_171-1536x1152.jpg 1536w, https:\/\/nobleanchor.fr\/wp-content\/uploads\/2025\/10\/IMG_20251015_150707_171-2048x1536.jpg 2048w\" sizes=\"auto, (max-width: 1024px) 100vw, 1024px\" \/><\/figure>\n<\/figure>\n\n\n\n<p>Saver 655 WA Walk Around de 2017 en excellent \u00e9tat, id\u00e9al pour les balades c\u00f4ti\u00e8res, la p\u00eache ou les sorties en famille.<br>Tr\u00e8s peu utilis\u00e9 et bien entretenu.<br>Bateau propre, spacieux et facile \u00e0 man\u0153uvrer.<\/p>\n\n\n\n<h3 class=\"wp-block-heading\">Caract\u00e9ristiques principales<\/h3>\n\n\n\n<ul class=\"wp-block-list\">\n<li>Marque : Saver<\/li>\n\n\n\n<li>Mod\u00e8le : 655 WA (Walk Around)<\/li>\n\n\n\n<li>Ann\u00e9e : 2017<\/li>\n\n\n\n<li>Longueur : 6,57 m<\/li>\n\n\n\n<li>Largeur : 2,48 m<\/li>\n\n\n\n<li>Moteur : Mercury 150 ch 4 temps<\/li>\n\n\n\n<li>Heures moteur : 95 h<\/li>\n\n\n\n<li>\u00c9tat g\u00e9n\u00e9ral : excellent<\/li>\n<\/ul>\n\n\n\n<h3 class=\"wp-block-heading\">\u00c9quipements<\/h3>\n\n\n\n<ul class=\"wp-block-list\">\n<li>Cabine avec \u00e9vier, r\u00e9frig\u00e9rateur et table<\/li>\n\n\n\n<li>Taud de soleil couvrant tout le bateau<\/li>\n\n\n\n<li>Bain de soleil avant transformable<\/li>\n\n\n\n<li>\u00c9chelle de bain<\/li>\n\n\n\n<li>Ancre automatique<\/li>\n\n\n\n<li>Table de cockpit<\/li>\n\n\n\n<li>2 batteries (dont 1 neuve)<\/li>\n<\/ul>\n\n\n\n<h3 class=\"wp-block-heading\"><\/h3>\n\n\n\n<h3 class=\"wp-block-heading\">Points forts<\/h3>\n\n\n\n<ul class=\"wp-block-list\">\n<li>Moteur puissant et \u00e9conomique<\/li>\n\n\n\n<li>Tr\u00e8s peu d\u2019heures : 95 h<\/li>\n\n\n\n<li>Int\u00e9rieur en tr\u00e8s bon \u00e9tat<\/li>\n\n\n\n<li>Bateau id\u00e9al pour la plaisance ou la croisi\u00e8re c\u00f4ti\u00e8re<\/li>\n<\/ul>\n\n\n\n<p>Visible \u00e0 Cassis.<br>Contact par t\u00e9l\u00e9phone ou message pour plus d\u2019informations.<br>R\u00e9vision moteur \u00e0 pr\u00e9voir<\/p>\n\n\n\n<p>25 000 euro<\/p>\n\n\n\n<div class=\"wp-block-buttons is-layout-flex wp-block-buttons-is-layout-flex\">\n<div class=\"wp-block-button has-custom-width wp-block-button__width-100\"><a class=\"wp-block-button__link has-text-color has-background has-link-color has-x-large-font-size has-custom-font-size wp-element-button\" href=\"https:\/\/nobleanchor.fr\/index.php\/contact\/\" style=\"border-radius:75px;color:#ffffff;background-color:#000000\">Int\u00e9resser contactez nous<\/a><\/div>\n<\/div>\n\n\n\n<p><\/p>\n","protected":false},"excerpt":{"rendered":"<p>Saver 655 WA Walk Around Saver 655 WA Walk Around de 2017 en excellent \u00e9tat, id\u00e9al pour les balades c\u00f4ti\u00e8res, la p\u00eache ou les sorties en famille.Tr\u00e8s peu utilis\u00e9 et bien entretenu.Bateau propre, spacieux et facile \u00e0 man\u0153uvrer. Caract\u00e9ristiques principales \u00c9quipements Points forts Visible \u00e0 Cassis.Contact par t\u00e9l\u00e9phone ou message pour plus d\u2019informations.R\u00e9vision moteur \u00e0 [&hellip;]<\/p>\n","protected":false},"author":1,"featured_media":0,"parent":0,"menu_order":0,"comment_status":"closed","ping_status":"closed","template":"","meta":{"footnotes":""},"class_list":["post-243","page","type-page","status-publish","hentry"],"_links":{"self":[{"href":"https:\/\/nobleanchor.fr\/index.php\/wp-json\/wp\/v2\/pages\/243","targetHints":{"allow":["GET"]}}],"collection":[{"href":"https:\/\/nobleanchor.fr\/index.php\/wp-json\/wp\/v2\/pages"}],"about":[{"href":"https:\/\/nobleanchor.fr\/index.php\/wp-json\/wp\/v2\/types\/page"}],"author":[{"embeddable":true,"href":"https:\/\/nobleanchor.fr\/index.php\/wp-json\/wp\/v2\/users\/1"}],"replies":[{"embeddable":true,"href":"https:\/\/nobleanchor.fr\/index.php\/wp-json\/wp\/v2\/comments?post=243"}],"version-history":[{"count":4,"href":"https:\/\/nobleanchor.fr\/index.php\/wp-json\/wp\/v2\/pages\/243\/revisions"}],"predecessor-version":[{"id":307,"href":"https:\/\/nobleanchor.fr\/index.php\/wp-json\/wp\/v2\/pages\/243\/revisions\/307"}],"wp:attachment":[{"href":"https:\/\/nobleanchor.fr\/index.php\/wp-json\/wp\/v2\/media?parent=243"}],"curies":[{"name":"wp","href":"https:\/\/api.w.org\/{rel}","templated":true}]}}